{"id":86,"date":"2025-07-10T09:21:28","date_gmt":"2025-07-10T09:21:28","guid":{"rendered":"https:\/\/acu-shield.com\/?page_id=86"},"modified":"2025-07-17T15:01:46","modified_gmt":"2025-07-17T15:01:46","slug":"chi-siamo","status":"publish","type":"page","link":"https:\/\/acu-shield.com\/?page_id=86","title":{"rendered":"Chi Siamo"},"content":{"rendered":"\n<div class=\"wp-block-group alignwide animated backInLeft slow has-background-background-color has-background\" style=\"margin-top:0;margin-bottom:0;padding-top:var(--wp--preset--spacing--60);padding-right:var(--wp--preset--spacing--30);padding-bottom:var(--wp--preset--spacing--60);padding-left:var(--wp--preset--spacing--30)\"><div class=\"wp-block-group__inner-container is-layout-constrained wp-container-core-group-is-layout-7276a2bb wp-block-group-is-layout-constrained\">\n<div class=\"wp-block-columns alignwide are-vertically-aligned-center is-layout-flex wp-container-core-columns-is-layout-47c06fe3 wp-block-columns-is-layout-flex\">\n<div class=\"wp-block-column is-vertically-aligned-center is-layout-flow wp-block-column-is-layout-flow\" style=\"flex-basis:33.3%\">\n<h2 class=\"wp-block-heading has-large-font-size\"> AcuShield<\/h2>\n\n\n\n<p class=\"has-text-align-left\" style=\"margin-top:16px\">AcuSchield \u00e8 un sistema innovativo progettato, brevettato e prodotto da Qinova Srl. Il team di sviluppo che ha messo a punto questa soluzione \u00e8 composto da ingegneri e faunisti di provata esperienza. La ricerca che ha condotto al sistema Acushield&nbsp;\u00e8 iniziata circa otto anni fa ed affonda le sue radici in competenze nell&#8217;ambito degli ultrasuoni, dell&#8217;elettronica avanzata e della scienza faunistica ultradecennali.<\/p>\n<\/div>\n\n\n\n<div class=\"wp-block-column is-vertically-aligned-center is-layout-flow wp-container-core-column-is-layout-f5bb311e wp-block-column-is-layout-flow\" style=\"flex-basis:50%\">\n<figure class=\"wp-block-gallery has-nested-images columns-default is-cropped wp-block-gallery-1 is-layout-flex wp-block-gallery-is-layout-flex\">\n<figure class=\"wp-block-image extendify-image-import\"><img decoding=\"async\" src=\"https:\/\/images.unsplash.com\/photo-1542744095-fcf48d80b0fd?ixid=M3w0MzUxNjF8MHwxfHNlYXJjaHwzfHx0ZWFtJTIwbWVldGluZ3xlbnwwfHx8fDE3NTE3MjY0MjB8MA&amp;ixlib=rb-4.1.0&amp;orientation=landscape?fit=crop&amp;crop=entropy%2Cfaces&amp;auto=format%2Ccompress&amp;w=1280&amp;h=960\" alt=\"\" style=\"aspect-ratio:3\/4;object-fit:cover\"\/><\/figure>\n\n\n\n<figure class=\"wp-block-image extendify-image-import\"><img decoding=\"async\" src=\"https:\/\/images.unsplash.com\/photo-1622675363311-3e1904dc1885?ixid=M3w0MzUxNjF8MHwxfHNlYXJjaHw0fHx0ZWFtJTIwbWVldGluZ3xlbnwwfHx8fDE3NTE3MjY0MjB8MA&amp;ixlib=rb-4.1.0&amp;orientation=landscape?fit=crop&amp;crop=entropy%2Cfaces&amp;auto=format%2Ccompress&amp;w=1280&amp;h=960\" alt=\"\" style=\"aspect-ratio:3\/4;object-fit:cover\"\/><\/figure>\n<\/figure>\n<\/div>\n<\/div>\n<\/div><\/div>\n\n\n\n<div class=\"wp-block-group alignwide animated backInUp slow has-background-background-color has-background\" style=\"margin-top:0;margin-bottom:0;padding-top:var(--wp--preset--spacing--60);padding-right:var(--wp--preset--spacing--30);padding-bottom:var(--wp--preset--spacing--60);padding-left:var(--wp--preset--spacing--30)\"><div class=\"wp-block-group__inner-container is-layout-constrained wp-container-core-group-is-layout-fb85e995 wp-block-group-is-layout-constrained\">\n<div class=\"wp-block-group alignwide is-content-justification-center\"><div class=\"wp-block-group__inner-container is-layout-constrained wp-block-group-is-layout-constrained\">\n<h2 class=\"wp-block-heading has-text-align-center has-accent-color has-text-color has-link-color has-large-font-size wp-elements-2cf1509cf6d0e700d9fb8b1e2c508e23\">Fondato sulla fiducia, supportato dalla prova<\/h2>\n\n\n\n<p class=\"has-text-align-center has-text-color has-link-color has-large-font-size wp-elements-7a781eb498e0c51ab29dc7db01b0f8d1\" style=\"color:#848484;margin-top:9px\">Acushield un prodotto di Qinova.<\/p>\n<\/div><\/div>\n\n\n\n<div class=\"wp-block-columns alignwide is-layout-flex wp-container-core-columns-is-layout-28f84493 wp-block-columns-is-layout-flex\">\n<div class=\"wp-block-column is-vertically-aligned-stretch is-layout-flow wp-block-column-is-layout-flow\">\n<div class=\"wp-block-group has-tertiary-background-color has-background\" style=\"border-radius:1.5rem;min-height:100%;padding-top:var(--wp--preset--spacing--40);padding-right:var(--wp--preset--spacing--30);padding-bottom:var(--wp--preset--spacing--40);padding-left:var(--wp--preset--spacing--30)\"><div class=\"wp-block-group__inner-container is-layout-constrained wp-container-core-group-is-layout-62d94814 wp-block-group-is-layout-constrained\">\n<div class=\"wp-block-group is-content-justification-center is-nowrap is-layout-flex wp-container-core-group-is-layout-23441af8 wp-block-group-is-layout-flex\">\n<div class=\"wp-block-group has-background-background-color has-background wp-container-content-487bf011 is-content-justification-center is-nowrap is-layout-flex wp-container-core-group-is-layout-cf138b5d wp-block-group-is-layout-flex\" style=\"border-radius:1rem;min-height:96px;padding-top:var(--wp--preset--spacing--20);padding-right:var(--wp--preset--spacing--20);padding-bottom:var(--wp--preset--spacing--20);padding-left:var(--wp--preset--spacing--20)\"><div class=\"wp-block-image extendify-image-import wp-duotone-varpresetduotonesecondary-and-primary-2\">\n<figure class=\"aligncenter size-large\"><img decoding=\"async\" src=\"data:image\/svg+xml;base64,PHN2ZyB4bWxucz0iaHR0cDovL3d3dy53My5vcmcvMjAwMC9zdmciIGhlaWdodD0iNDhweCIgdmlld0JveD0iMCAtOTYwIDk2MCA5NjAiIHdpZHRoPSI0OHB4IiBmaWxsPSIjMWUxZTFlIj48cGF0aCBkPSJtMzQ2LTYwLTc2LTEzMC0xNTEtMzEgMTctMTQ3LTk2LTExMiA5Ni0xMTEtMTctMTQ3IDE1MS0zMSA3Ni0xMzEgMTM0IDYyIDEzNC02MiA3NyAxMzEgMTUwIDMxLTE3IDE0NyA5NiAxMTEtOTYgMTEyIDE3IDE0Ny0xNTAgMzEtNzcgMTMwLTEzNC02Mi0xMzQgNjJabTI3LTc5IDEwNy00NSAxMTAgNDUgNjctMTAwIDExNy0zMC0xMi0xMTkgODEtOTItODEtOTQgMTItMTE5LTExNy0yOC02OS0xMDAtMTA4IDQ1LTExMC00NS02NyAxMDAtMTE3IDI4IDEyIDExOS04MSA5NCA4MSA5Mi0xMiAxMjEgMTE3IDI4IDcwIDEwMFptMTA3LTM0MVptLTQzIDEzMyAyMjctMjI1LTQ1LTQxLTE4MiAxODAtOTUtOTktNDYgNDUgMTQxIDE0MFoiLz48L3N2Zz4=\" alt=\"\"\/><\/figure>\n<\/div><\/div>\n<\/div>\n\n\n\n<h1 class=\"wp-block-heading has-text-align-center has-header-gradient-color has-text-color has-link-color wp-elements-eb95261d839e0da3507698b4167c23c7\" style=\"margin-top:24px;font-size:2.5rem\">Responsabilit\u00e0<\/h1>\n\n\n\n<p class=\"has-text-align-center has-small-font-size\" style=\"margin-top:8px\">La responsabilit\u00e0 di creare soluzioni efficaci contro la distruzione delle vigne da parte degli ungulati \u00e8 fondamentale per proteggere la biodiversit\u00e0 e garantire la sostenibilit\u00e0 del settore vitivinicolo. Agire in modo responsabile significa sviluppare strategie che tutelino le coltivazioni, rispettino l&#8217;ambiente e promuovano un equilibrio tra attivit\u00e0 umane e fauna selvatica.<\/p>\n<\/div><\/div>\n<\/div>\n\n\n\n<div class=\"wp-block-column is-vertically-aligned-stretch is-layout-flow wp-block-column-is-layout-flow\">\n<div class=\"wp-block-group has-tertiary-background-color has-background\" style=\"border-radius:1.5rem;min-height:100%;padding-top:var(--wp--preset--spacing--40);padding-right:var(--wp--preset--spacing--30);padding-bottom:var(--wp--preset--spacing--40);padding-left:var(--wp--preset--spacing--30)\"><div class=\"wp-block-group__inner-container is-layout-constrained wp-container-core-group-is-layout-62d94814 wp-block-group-is-layout-constrained\">\n<div class=\"wp-block-group is-content-justification-center is-nowrap is-layout-flex wp-container-core-group-is-layout-23441af8 wp-block-group-is-layout-flex\">\n<div class=\"wp-block-group has-background-background-color has-background wp-container-content-487bf011 is-content-justification-center is-nowrap is-layout-flex wp-container-core-group-is-layout-cf138b5d wp-block-group-is-layout-flex\" style=\"border-radius:1rem;min-height:96px;padding-top:var(--wp--preset--spacing--20);padding-right:var(--wp--preset--spacing--20);padding-bottom:var(--wp--preset--spacing--20);padding-left:var(--wp--preset--spacing--20)\"><div class=\"wp-block-image extendify-image-import wp-duotone-varpresetduotonesecondary-and-primary-3\">\n<figure class=\"aligncenter size-large\"><img decoding=\"async\" src=\"data:image\/svg+xml;base64,PHN2ZyB4bWxucz0iaHR0cDovL3d3dy53My5vcmcvMjAwMC9zdmciIGhlaWdodD0iNDhweCIgdmlld0JveD0iMCAtOTYwIDk2MCA5NjAiIHdpZHRoPSI0OHB4IiBmaWxsPSIjMWUxZTFlIj48cGF0aCBkPSJtNDM2LTM0NyAyMjgtMjI4LTQyLTQxLTE4MyAxODMtMTAxLTEwMS00NCA0NCAxNDIgMTQzWm00NCAyNjZxLTE0MC0zNS0yMzAtMTYyLjVUMTYwLTUyM3YtMjM4bDMyMC0xMjAgMzIwIDEyMHYyMzhxMCAxNTItOTAgMjc5LjVUNDgwLTgxWm0wLTYycTExNS0zOCAxODcuNS0xNDMuNVQ3NDAtNTIzdi0xOTZsLTI2MC05OC0yNjAgOTh2MTk2cTAgMTMxIDcyLjUgMjM2LjVUNDgwLTE0M1ptMC0zMzdaIi8+PC9zdmc+\" alt=\"\"\/><\/figure>\n<\/div><\/div>\n<\/div>\n\n\n\n<h1 class=\"wp-block-heading has-text-align-center has-header-gradient-color has-text-color has-link-color wp-elements-99fd65f0fe72a337bf2f4a0c36871b73\" style=\"margin-top:24px;font-size:2.5rem\">Cura della fauna<\/h1>\n\n\n\n<p class=\"has-text-align-center has-small-font-size\" style=\"margin-top:8px\">La cura della fauna \u00e8 fondamentale per mantenere l&#8217;equilibrio naturale, anche quando pu\u00f2 causare danni alle coltivazioni di vigne. Proteggere gli animali significa preservare l&#8217;ecosistema, garantendo la salute del terreno e la biodiversit\u00e0, elementi essenziali per una viticoltura sostenibile e di qualit\u00e0 nel lungo termine.<\/p>\n<\/div><\/div>\n<\/div>\n\n\n\n<div class=\"wp-block-column is-vertically-aligned-stretch is-layout-flow wp-block-column-is-layout-flow\">\n<div class=\"wp-block-group has-tertiary-background-color has-background\" style=\"border-radius:1.5rem;min-height:100%;padding-top:var(--wp--preset--spacing--40);padding-right:var(--wp--preset--spacing--30);padding-bottom:var(--wp--preset--spacing--40);padding-left:var(--wp--preset--spacing--30)\"><div class=\"wp-block-group__inner-container is-layout-constrained wp-container-core-group-is-layout-62d94814 wp-block-group-is-layout-constrained\">\n<div class=\"wp-block-group is-content-justification-center is-nowrap is-layout-flex wp-container-core-group-is-layout-23441af8 wp-block-group-is-layout-flex\">\n<div class=\"wp-block-group has-background-background-color has-background wp-container-content-487bf011 is-content-justification-center is-nowrap is-layout-flex wp-container-core-group-is-layout-cf138b5d wp-block-group-is-layout-flex\" style=\"border-radius:1rem;min-height:96px;padding-top:var(--wp--preset--spacing--20);padding-right:var(--wp--preset--spacing--20);padding-bottom:var(--wp--preset--spacing--20);padding-left:var(--wp--preset--spacing--20)\"><div class=\"wp-block-image extendify-image-import wp-duotone-varpresetduotonesecondary-and-primary-4\">\n<figure class=\"aligncenter size-large\"><img decoding=\"async\" src=\"data:image\/svg+xml;base64,PHN2ZyB4bWxucz0iaHR0cDovL3d3dy53My5vcmcvMjAwMC9zdmciIGhlaWdodD0iNDhweCIgdmlld0JveD0iMCAtOTYwIDk2MCA5NjAiIHdpZHRoPSI0OHB4IiBmaWxsPSIjMWUxZTFlIj48cGF0aCBkPSJtMzYzLTMxMCAxMTctNzEgMTE3IDcxLTMxLTEzMyAxMDQtOTAtMTM3LTExLTUzLTEyNi01MyAxMjYtMTM3IDExIDEwNCA5MC0zMSAxMzNaTTQ4MS0yOSAzNDYtMTYwSDE2MHYtMTg2TDI2LTQ4MGwxMzQtMTM0di0xODZoMTg2bDEzNS0xMzQgMTMzIDEzNGgxODZ2MTg2bDEzNCAxMzQtMTM0IDEzNHYxODZINjE0TDQ4MS0yOVptMC04NCAxMDcuOTItMTA3SDc0MHYtMTUxbDEwOS0xMDktMTA5LTEwOXYtMTUxSDU4OUw0ODEtODQ5IDM3MS03NDBIMjIwdjE1MUwxMTEtNDgwbDEwOSAxMDl2MTUxaDE1MGwxMTEgMTA3Wm0wLTM2OFoiLz48L3N2Zz4=\" alt=\"\"\/><\/figure>\n<\/div><\/div>\n<\/div>\n\n\n\n<h1 class=\"wp-block-heading has-text-align-center has-header-gradient-color has-text-color has-link-color wp-elements-afd498efd3a2ce0c3b44c40a70317d99\" style=\"margin-top:24px;font-size:2.5rem\">Funzionalit\u00e0<\/h1>\n\n\n\n<p class=\"has-text-align-center has-small-font-size\" style=\"margin-top:8px\">Acushield \u00e8 un prodotto eccellente per affrontare efficacemente il problema, grazie alla sua capacit\u00e0 di proteggere la fauna importante presente nell\u2019ambiente. Grazie alla sua tecnologia avanzata, Acushield garantisce risultati ottimali senza compromettere l\u2019equilibrio naturale, rendendolo la soluzione ideale per chi desidera risolvere il problema in modo responsabile e sostenibile.<\/p>\n<\/div><\/div>\n<\/div>\n<\/div>\n<\/div><\/div>\n\n\n\n<div class=\"wp-block-group alignwide has-background-background-color has-background\" style=\"margin-top:0;margin-bottom:0;padding-top:var(--wp--preset--spacing--60);padding-right:var(--wp--preset--spacing--30);padding-bottom:var(--wp--preset--spacing--60);padding-left:var(--wp--preset--spacing--30)\"><div class=\"wp-block-group__inner-container is-layout-constrained wp-container-core-group-is-layout-7276a2bb wp-block-group-is-layout-constrained\">\n<div class=\"wp-block-group alignwide is-content-justification-center\"><div class=\"wp-block-group__inner-container is-layout-constrained wp-block-group-is-layout-constrained\">\n<h2 class=\"wp-block-heading has-text-align-center has-accent-color has-text-color has-link-color has-x-large-font-size wp-elements-ee2eb28b37bb7cdb7934c87dd9755977\">Il team di AcuShield<\/h2>\n<\/div><\/div>\n<\/div><\/div>\n\n\n\n<div class=\"wp-block-group alignwide has-background-background-color has-background\" style=\"margin-top:0;margin-bottom:0;padding-top:var(--wp--preset--spacing--60);padding-right:var(--wp--preset--spacing--30);padding-bottom:var(--wp--preset--spacing--60);padding-left:var(--wp--preset--spacing--30)\"><div class=\"wp-block-group__inner-container is-layout-constrained wp-container-core-group-is-layout-fb85e995 wp-block-group-is-layout-constrained\">\n<p class=\"has-text-align-center has-text-color has-link-color has-large-font-size wp-elements-b17c618da720af0bb6aa85228fd33606\" style=\"color:#888888;font-style:normal;font-weight:500;line-height:1.3\">Il nostro team di esperti ha creato soluzioni ultrasoniche innovative che garantiscono protezione efficace e sostenibile.<\/p>\n<\/div><\/div>\n","protected":false},"excerpt":{"rendered":"<p>AcuShield AcuSchield \u00e8 un sistema innovativo progettato, brevettato e prodotto da Qinova Srl. Il team di sviluppo che ha messo a punto questa soluzione \u00e8 composto da ingegneri e faunisti di provata esperienza. La ricerca che ha condotto al sistema Acushield&nbsp;\u00e8 iniziata circa otto anni fa ed affonda le sue [&hellip;]<\/p>\n","protected":false},"author":1,"featured_media":0,"parent":0,"menu_order":0,"comment_status":"closed","ping_status":"closed","template":"","meta":{"_themeisle_gutenberg_block_has_review":false,"footnotes":""},"class_list":["post-86","page","type-page","status-publish","hentry"],"_links":{"self":[{"href":"https:\/\/acu-shield.com\/index.php?rest_route=\/wp\/v2\/pages\/86","targetHints":{"allow":["GET"]}}],"collection":[{"href":"https:\/\/acu-shield.com\/index.php?rest_route=\/wp\/v2\/pages"}],"about":[{"href":"https:\/\/acu-shield.com\/index.php?rest_route=\/wp\/v2\/types\/page"}],"author":[{"embeddable":true,"href":"https:\/\/acu-shield.com\/index.php?rest_route=\/wp\/v2\/users\/1"}],"replies":[{"embeddable":true,"href":"https:\/\/acu-shield.com\/index.php?rest_route=%2Fwp%2Fv2%2Fcomments&post=86"}],"version-history":[{"count":12,"href":"https:\/\/acu-shield.com\/index.php?rest_route=\/wp\/v2\/pages\/86\/revisions"}],"predecessor-version":[{"id":122,"href":"https:\/\/acu-shield.com\/index.php?rest_route=\/wp\/v2\/pages\/86\/revisions\/122"}],"wp:attachment":[{"href":"https:\/\/acu-shield.com\/index.php?rest_route=%2Fwp%2Fv2%2Fmedia&parent=86"}],"curies":[{"name":"wp","href":"https:\/\/api.w.org\/{rel}","templated":true}]}}